{"id":3383,"date":"2026-01-02T23:42:55","date_gmt":"2026-01-03T07:42:55","guid":{"rendered":"https:\/\/file4free.org\/acerca-de\/"},"modified":"2026-04-07T20:54:03","modified_gmt":"2026-04-08T03:54:03","slug":"acerca-de","status":"publish","type":"page","link":"https:\/\/file4free.org\/es\/acerca-de\/","title":{"rendered":"Acerca de"},"content":{"rendered":"\t\t<div data-elementor-type=\"wp-post\" data-elementor-id=\"3383\" class=\"elementor elementor-3383 elementor-2372\" data-elementor-post-type=\"page\">\n\t\t\t\t<div class=\"elementor-element elementor-element-1b64c16 e-flex e-con-boxed e-con e-parent\" data-id=\"1b64c16\" data-element_type=\"container\" data-e-type=\"container\" data-settings=\"{&quot;background_background&quot;:&quot;classic&quot;}\">\n\t\t\t\t\t<div class=\"e-con-inner\">\n\t\t<div class=\"elementor-element elementor-element-461edc9 e-con-full e-flex e-con e-child\" data-id=\"461edc9\" data-element_type=\"container\" data-e-type=\"container\">\n\t\t\t\t<div class=\"elementor-element elementor-element-85b5d7b elementor-widget elementor-widget-heading\" data-id=\"85b5d7b\" data-element_type=\"widget\" data-e-type=\"widget\" data-widget_type=\"heading.default\">\n\t\t\t\t\t<h1 class=\"elementor-heading-title elementor-size-default\">Acerca de File4Free<\/h1>\t\t\t\t<\/div>\n\t\t\t\t<\/div>\n\t\t<div class=\"elementor-element elementor-element-90652a1 e-con-full e-flex e-con e-child\" data-id=\"90652a1\" data-element_type=\"container\" data-e-type=\"container\">\n\t\t\t\t<\/div>\n\t\t\t\t\t<\/div>\n\t\t\t\t<\/div>\n\t\t<div class=\"elementor-element elementor-element-f7160c8 e-flex e-con-boxed e-con e-parent\" data-id=\"f7160c8\" data-element_type=\"container\" data-e-type=\"container\">\n\t\t\t\t\t<div class=\"e-con-inner\">\n\t\t<div class=\"elementor-element elementor-element-fa226c8 e-con-full e-flex e-con e-child\" data-id=\"fa226c8\" data-element_type=\"container\" data-e-type=\"container\">\n\t\t\t\t<div class=\"elementor-element elementor-element-1a90cc2 elementor-widget elementor-widget-image\" data-id=\"1a90cc2\" data-element_type=\"widget\" data-e-type=\"widget\" data-widget_type=\"image.default\">\n\t\t\t\t\t\t\t\t\t\t\t\t\t\t\t<img fetchpriority=\"high\" decoding=\"async\" width=\"800\" height=\"533\" src=\"https:\/\/file4free.org\/wp-content\/uploads\/2025\/10\/DSC05466-scaled-1-1024x682.jpg\" class=\"attachment-large size-large wp-image-3384\" alt=\"\" srcset=\"https:\/\/file4free.org\/wp-content\/uploads\/2025\/10\/DSC05466-scaled-1-1024x682.jpg 1024w, https:\/\/file4free.org\/wp-content\/uploads\/2025\/10\/DSC05466-scaled-1-300x200.jpg 300w, https:\/\/file4free.org\/wp-content\/uploads\/2025\/10\/DSC05466-scaled-1-768x511.jpg 768w, https:\/\/file4free.org\/wp-content\/uploads\/2025\/10\/DSC05466-scaled-1-1536x1022.jpg 1536w, https:\/\/file4free.org\/wp-content\/uploads\/2025\/10\/DSC05466-scaled-1-2048x1363.jpg 2048w\" sizes=\"(max-width: 800px) 100vw, 800px\" \/>\t\t\t\t\t\t\t\t\t\t\t\t\t\t\t<\/div>\n\t\t\t\t<\/div>\n\t\t<div class=\"elementor-element elementor-element-4e12535 e-con-full e-flex e-con e-child\" data-id=\"4e12535\" data-element_type=\"container\" data-e-type=\"container\">\n\t\t\t\t<div data-dce-title-color=\"#000000\" class=\"elementor-element elementor-element-7ac11e5 elementor-widget elementor-widget-heading\" data-id=\"7ac11e5\" data-element_type=\"widget\" data-e-type=\"widget\" data-widget_type=\"heading.default\">\n\t\t\t\t\t<h2 class=\"elementor-heading-title elementor-size-default\">Nuestra misi\u00f3n<\/h2>\t\t\t\t<\/div>\n\t\t\t\t<div class=\"elementor-element elementor-element-d90441d elementor-widget elementor-widget-text-editor\" data-id=\"d90441d\" data-element_type=\"widget\" data-e-type=\"widget\" data-widget_type=\"text-editor.default\">\n\t\t\t\t\t\t\t\t\t<p><span style=\"font-weight: 400;\">File4Free existe para garantizar que las personas y las familias puedan presentar sus declaraciones de impuestos de forma precisa, segura y gratuita. Nos centramos en aumentar el acceso a cr\u00e9ditos fiscales y reembolsos que apoyan la estabilidad financiera y la movilidad econ\u00f3mica.<\/span><\/p><p><span style=\"font-weight: 400;\">Creemos que la presentaci\u00f3n de impuestos no deber\u00eda ser una barrera para las oportunidades.<\/span><\/p>\t\t\t\t\t\t\t\t<\/div>\n\t\t<div class=\"elementor-element elementor-element-02f16f4 e-con-full e-flex e-con e-child\" data-id=\"02f16f4\" data-element_type=\"container\" data-e-type=\"container\" data-settings=\"{&quot;background_background&quot;:&quot;classic&quot;}\">\n\t\t\t\t<div class=\"elementor-element elementor-element-3b24c1c elementor-widget elementor-widget-heading\" data-id=\"3b24c1c\" data-element_type=\"widget\" data-e-type=\"widget\" data-widget_type=\"heading.default\">\n\t\t\t\t\t<span class=\"elementor-heading-title elementor-size-default\">C\u00f3mo funciona File4Free<\/span>\t\t\t\t<\/div>\n\t\t\t\t<div class=\"elementor-element elementor-element-34a5101 elementor-widget elementor-widget-text-editor\" data-id=\"34a5101\" data-element_type=\"widget\" data-e-type=\"widget\" data-widget_type=\"text-editor.default\">\n\t\t\t\t\t\t\t\t\t<p><span style=\"font-weight: 400;\">File4Free est\u00e1 operado por <a href=\"https:\/\/havenservices.org\">Haven Services<\/a>, una organizaci\u00f3n sin \u00e1nimo de lucro registrada 501(c)(3) y se ofrece a trav\u00e9s del programa de Asistencia Voluntaria para la Declaraci\u00f3n de Impuestos (VITA) del IRS. Nuestros voluntarios completan los requisitos anuales de formaci\u00f3n y certificaci\u00f3n del IRS.<\/span><\/p><p><span style=\"font-weight: 400;\">Atendemos a comunidades de toda California mediante opciones de preparaci\u00f3n de impuestos presenciales y virtuales.<\/span><\/p>\t\t\t\t\t\t\t\t<\/div>\n\t\t\t\t<\/div>\n\t\t<div class=\"elementor-element elementor-element-bacf516 e-con-full e-flex e-con e-child\" data-id=\"bacf516\" data-element_type=\"container\" data-e-type=\"container\">\n\t\t\t\t<div class=\"elementor-element elementor-element-542313b elementor-widget elementor-widget-button\" data-id=\"542313b\" data-element_type=\"widget\" data-e-type=\"widget\" data-widget_type=\"button.default\">\n\t\t\t\t\t\t\t\t\t\t<a class=\"elementor-button elementor-button-link elementor-size-sm\" href=\"https:\/\/www.irs.gov\/individuals\/free-tax-return-preparation-for-qualifying-taxpayers\" target=\"_blank\">\n\t\t\t\t\t\t<span class=\"elementor-button-content-wrapper\">\n\t\t\t\t\t\t\t\t\t<span class=\"elementor-button-text\">M\u00e1s informaci\u00f3n sobre el programa VITA<\/span>\n\t\t\t\t\t<\/span>\n\t\t\t\t\t<\/a>\n\t\t\t\t\t\t\t\t<\/div>\n\t\t\t\t<\/div>\n\t\t\t\t<\/div>\n\t\t\t\t\t<\/div>\n\t\t\t\t<\/div>\n\t\t<div class=\"elementor-element elementor-element-95ede0b e-flex e-con-boxed e-con e-parent\" data-id=\"95ede0b\" data-element_type=\"container\" data-e-type=\"container\">\n\t\t\t\t\t<div class=\"e-con-inner\">\n\t\t<div class=\"elementor-element elementor-element-0290ee0 e-con-full e-flex e-con e-child\" data-id=\"0290ee0\" data-element_type=\"container\" data-e-type=\"container\">\n\t\t\t\t<div data-dce-title-color=\"#000000\" class=\"elementor-element elementor-element-c038b2b elementor-widget elementor-widget-heading\" data-id=\"c038b2b\" data-element_type=\"widget\" data-e-type=\"widget\" data-widget_type=\"heading.default\">\n\t\t\t\t\t<h2 class=\"elementor-heading-title elementor-size-default\">Por qu\u00e9 nuestros servicios son gratuitos<\/h2>\t\t\t\t<\/div>\n\t\t\t\t<div class=\"elementor-element elementor-element-703be36 elementor-widget elementor-widget-text-editor\" data-id=\"703be36\" data-element_type=\"widget\" data-e-type=\"widget\" data-widget_type=\"text-editor.default\">\n\t\t\t\t\t\t\t\t\t<p><span style=\"font-weight: 400;\">Nuestros servicios se financian a trav\u00e9s de programas p\u00fablicos y asociaciones comunitarias, incluidas iniciativas federales y estatales de educaci\u00f3n y divulgaci\u00f3n sobre cr\u00e9ditos fiscales. Esta financiaci\u00f3n nos permite ofrecer la preparaci\u00f3n de impuestos sin coste alguno a los contribuyentes elegibles.<\/span><\/p>\n<p><span style=\"font-weight: 400;\">No cobramos comisiones, no aceptamos propinas ni vendemos servicios adicionales.<\/span><\/p>\t\t\t\t\t\t\t\t<\/div>\n\t\t\t\t<div class=\"elementor-element elementor-element-852a683 elementor-widget elementor-widget-heading\" data-id=\"852a683\" data-element_type=\"widget\" data-e-type=\"widget\" data-widget_type=\"heading.default\">\n\t\t\t\t\t<span class=\"elementor-heading-title elementor-size-default\">A qui\u00e9n atendemos<\/span>\t\t\t\t<\/div>\n\t\t\t\t<div class=\"elementor-element elementor-element-4ec6064 elementor-widget elementor-widget-text-editor\" data-id=\"4ec6064\" data-element_type=\"widget\" data-e-type=\"widget\" data-widget_type=\"text-editor.default\">\n\t\t\t\t\t\t\t\t\t<p><span style=\"font-weight: 400;\">File4Free da prioridad a atender a:<\/span><\/p><ul><li style=\"font-weight: 400;\" aria-level=\"1\"><span style=\"font-weight: 400;\">Californianos con ingresos bajos y moderados<\/span><\/li><li style=\"font-weight: 400;\" aria-level=\"1\"><span style=\"font-weight: 400;\">Familias trabajadoras<\/span><\/li><li style=\"font-weight: 400;\" aria-level=\"1\"><span style=\"font-weight: 400;\">Inmigrantes y hogares con estatus migratorio mixto<\/span><\/li><li style=\"font-weight: 400;\" aria-level=\"1\"><span style=\"font-weight: 400;\">Personas que presentan impuestos con ITIN<\/span><\/li><li style=\"font-weight: 400;\" aria-level=\"1\"><span style=\"font-weight: 400;\">J\u00f3venes en acogida y extutelados<\/span><\/li><li style=\"font-weight: 400;\" aria-level=\"1\"><span style=\"font-weight: 400;\">Trabajadores de la econom\u00eda gig y personas aut\u00f3nomas<\/span><\/li><\/ul>\t\t\t\t\t\t\t\t<\/div>\n\t\t\t\t<\/div>\n\t\t\t\t\t<\/div>\n\t\t\t\t<\/div>\n\t\t<div class=\"elementor-element elementor-element-f0da9a8 e-flex e-con-boxed e-con e-parent\" data-id=\"f0da9a8\" data-element_type=\"container\" data-e-type=\"container\">\n\t\t\t\t\t<div class=\"e-con-inner\">\n\t\t\t\t<div class=\"elementor-element elementor-element-d340477 elementor-widget elementor-widget-heading\" data-id=\"d340477\" data-element_type=\"widget\" data-e-type=\"widget\" data-widget_type=\"heading.default\">\n\t\t\t\t\t<h2 class=\"elementor-heading-title elementor-size-default\">Recursos relacionados<\/h2>\t\t\t\t<\/div>\n\t\t<div class=\"elementor-element elementor-element-ee95b79 e-con-full e-flex e-con e-child\" data-id=\"ee95b79\" data-element_type=\"container\" data-e-type=\"container\">\n\t\t\t\t<div class=\"elementor-element elementor-element-e3f8e5b elementor-arrows-position-inside elementor-widget elementor-widget-loop-carousel\" data-id=\"e3f8e5b\" data-element_type=\"widget\" data-e-type=\"widget\" data-settings=\"{&quot;template_id&quot;:3627,&quot;image_spacing_custom&quot;:{&quot;unit&quot;:&quot;px&quot;,&quot;size&quot;:30,&quot;sizes&quot;:[]},&quot;_skin&quot;:&quot;post&quot;,&quot;slides_to_show&quot;:&quot;3&quot;,&quot;slides_to_show_widescreen&quot;:&quot;3&quot;,&quot;slides_to_show_tablet&quot;:&quot;2&quot;,&quot;slides_to_show_mobile&quot;:&quot;1&quot;,&quot;slides_to_scroll&quot;:&quot;1&quot;,&quot;edit_handle_selector&quot;:&quot;.elementor-loop-container&quot;,&quot;autoplay&quot;:&quot;yes&quot;,&quot;autoplay_speed&quot;:5000,&quot;pause_on_hover&quot;:&quot;yes&quot;,&quot;pause_on_interaction&quot;:&quot;yes&quot;,&quot;infinite&quot;:&quot;yes&quot;,&quot;speed&quot;:500,&quot;offset_sides&quot;:&quot;none&quot;,&quot;arrows&quot;:&quot;yes&quot;,&quot;image_spacing_custom_widescreen&quot;:{&quot;unit&quot;:&quot;px&quot;,&quot;size&quot;:&quot;&quot;,&quot;sizes&quot;:[]},&quot;image_spacing_custom_tablet&quot;:{&quot;unit&quot;:&quot;px&quot;,&quot;size&quot;:&quot;&quot;,&quot;sizes&quot;:[]},&quot;image_spacing_custom_mobile&quot;:{&quot;unit&quot;:&quot;px&quot;,&quot;size&quot;:&quot;&quot;,&quot;sizes&quot;:[]}}\" data-widget_type=\"loop-carousel.post\">\n\t\t\t\t\t\t\t<div class=\"e-loop-nothing-found-message\">\n\t\t<\/div>\n\t\t\t\t\t\t<\/div>\n\t\t\t\t<\/div>\n\t\t\t\t\t<\/div>\n\t\t\t\t<\/div>\n\t\t\t\t<\/div>\n\t\t","protected":false},"excerpt":{"rendered":"<p>Acerca de File4Free Nuestra misi\u00f3n File4Free existe para garantizar que las personas y las familias puedan presentar sus declaraciones de impuestos de forma precisa, segura y gratuita. Nos centramos en aumentar el acceso a cr\u00e9ditos fiscales y reembolsos que apoyan la estabilidad financiera y la movilidad econ\u00f3mica. Creemos que la presentaci\u00f3n de impuestos no deber\u00eda [&hellip;]<\/p>\n","protected":false},"author":2,"featured_media":0,"parent":0,"menu_order":0,"comment_status":"closed","ping_status":"closed","template":"","meta":{"_acf_changed":false,"footnotes":""},"class_list":["post-3383","page","type-page","status-publish","hentry"],"acf":[],"yoast_head":"<!-- This site is optimized with the Yoast SEO plugin v27.3 - https:\/\/yoast.com\/product\/yoast-seo-wordpress\/ -->\n<title>Acerca de - file4free.org<\/title>\n<meta name=\"robots\" content=\"index, follow, max-snippet:-1, max-image-preview:large, max-video-preview:-1\" \/>\n<link rel=\"canonical\" href=\"https:\/\/file4free.org\/es\/acerca-de\/\" \/>\n<meta property=\"og:locale\" content=\"es_ES\" \/>\n<meta property=\"og:type\" content=\"article\" \/>\n<meta property=\"og:title\" content=\"Acerca de - file4free.org\" \/>\n<meta property=\"og:description\" content=\"Acerca de File4Free Nuestra misi\u00f3n File4Free existe para garantizar que las personas y las familias puedan presentar sus declaraciones de impuestos de forma precisa, segura y gratuita. Nos centramos en aumentar el acceso a cr\u00e9ditos fiscales y reembolsos que apoyan la estabilidad financiera y la movilidad econ\u00f3mica. Creemos que la presentaci\u00f3n de impuestos no deber\u00eda [&hellip;]\" \/>\n<meta property=\"og:url\" content=\"https:\/\/file4free.org\/es\/acerca-de\/\" \/>\n<meta property=\"og:site_name\" content=\"file4free.org\" \/>\n<meta property=\"article:modified_time\" content=\"2026-04-08T03:54:03+00:00\" \/>\n<meta property=\"og:image\" content=\"https:\/\/file4free.org\/wp-content\/uploads\/2025\/10\/DSC05466-scaled-1.jpg\" \/>\n\t<meta property=\"og:image:width\" content=\"2560\" \/>\n\t<meta property=\"og:image:height\" content=\"1704\" \/>\n\t<meta property=\"og:image:type\" content=\"image\/jpeg\" \/>\n<meta name=\"twitter:card\" content=\"summary_large_image\" \/>\n<meta name=\"twitter:label1\" content=\"Tiempo de lectura\" \/>\n\t<meta name=\"twitter:data1\" content=\"1 minuto\" \/>\n<script type=\"application\/ld+json\" class=\"yoast-schema-graph\">{\"@context\":\"https:\\\/\\\/schema.org\",\"@graph\":[{\"@type\":\"WebPage\",\"@id\":\"https:\\\/\\\/file4free.org\\\/es\\\/acerca-de\\\/\",\"url\":\"https:\\\/\\\/file4free.org\\\/es\\\/acerca-de\\\/\",\"name\":\"Acerca de - file4free.org\",\"isPartOf\":{\"@id\":\"https:\\\/\\\/file4free.org\\\/es\\\/#website\"},\"primaryImageOfPage\":{\"@id\":\"https:\\\/\\\/file4free.org\\\/es\\\/acerca-de\\\/#primaryimage\"},\"image\":{\"@id\":\"https:\\\/\\\/file4free.org\\\/es\\\/acerca-de\\\/#primaryimage\"},\"thumbnailUrl\":\"https:\\\/\\\/file4free.org\\\/wp-content\\\/uploads\\\/2025\\\/10\\\/DSC05466-scaled-1-1024x682.jpg\",\"datePublished\":\"2026-01-03T07:42:55+00:00\",\"dateModified\":\"2026-04-08T03:54:03+00:00\",\"breadcrumb\":{\"@id\":\"https:\\\/\\\/file4free.org\\\/es\\\/acerca-de\\\/#breadcrumb\"},\"inLanguage\":\"es\",\"potentialAction\":[{\"@type\":\"ReadAction\",\"target\":[\"https:\\\/\\\/file4free.org\\\/es\\\/acerca-de\\\/\"]}]},{\"@type\":\"ImageObject\",\"inLanguage\":\"es\",\"@id\":\"https:\\\/\\\/file4free.org\\\/es\\\/acerca-de\\\/#primaryimage\",\"url\":\"https:\\\/\\\/file4free.org\\\/wp-content\\\/uploads\\\/2025\\\/10\\\/DSC05466-scaled-1-1024x682.jpg\",\"contentUrl\":\"https:\\\/\\\/file4free.org\\\/wp-content\\\/uploads\\\/2025\\\/10\\\/DSC05466-scaled-1-1024x682.jpg\"},{\"@type\":\"BreadcrumbList\",\"@id\":\"https:\\\/\\\/file4free.org\\\/es\\\/acerca-de\\\/#breadcrumb\",\"itemListElement\":[{\"@type\":\"ListItem\",\"position\":1,\"name\":\"Home\",\"item\":\"https:\\\/\\\/file4free.org\\\/es\\\/home\\\/\"},{\"@type\":\"ListItem\",\"position\":2,\"name\":\"Acerca de\"}]},{\"@type\":\"WebSite\",\"@id\":\"https:\\\/\\\/file4free.org\\\/es\\\/#website\",\"url\":\"https:\\\/\\\/file4free.org\\\/es\\\/\",\"name\":\"file4free.org\",\"description\":\"\",\"potentialAction\":[{\"@type\":\"SearchAction\",\"target\":{\"@type\":\"EntryPoint\",\"urlTemplate\":\"https:\\\/\\\/file4free.org\\\/es\\\/?s={search_term_string}\"},\"query-input\":{\"@type\":\"PropertyValueSpecification\",\"valueRequired\":true,\"valueName\":\"search_term_string\"}}],\"inLanguage\":\"es\"}]}<\/script>\n<!-- \/ Yoast SEO plugin. -->","yoast_head_json":{"title":"Acerca de - file4free.org","robots":{"index":"index","follow":"follow","max-snippet":"max-snippet:-1","max-image-preview":"max-image-preview:large","max-video-preview":"max-video-preview:-1"},"canonical":"https:\/\/file4free.org\/es\/acerca-de\/","og_locale":"es_ES","og_type":"article","og_title":"Acerca de - file4free.org","og_description":"Acerca de File4Free Nuestra misi\u00f3n File4Free existe para garantizar que las personas y las familias puedan presentar sus declaraciones de impuestos de forma precisa, segura y gratuita. Nos centramos en aumentar el acceso a cr\u00e9ditos fiscales y reembolsos que apoyan la estabilidad financiera y la movilidad econ\u00f3mica. Creemos que la presentaci\u00f3n de impuestos no deber\u00eda [&hellip;]","og_url":"https:\/\/file4free.org\/es\/acerca-de\/","og_site_name":"file4free.org","article_modified_time":"2026-04-08T03:54:03+00:00","og_image":[{"width":2560,"height":1704,"url":"https:\/\/file4free.org\/wp-content\/uploads\/2025\/10\/DSC05466-scaled-1.jpg","type":"image\/jpeg"}],"twitter_card":"summary_large_image","twitter_misc":{"Tiempo de lectura":"1 minuto"},"schema":{"@context":"https:\/\/schema.org","@graph":[{"@type":"WebPage","@id":"https:\/\/file4free.org\/es\/acerca-de\/","url":"https:\/\/file4free.org\/es\/acerca-de\/","name":"Acerca de - file4free.org","isPartOf":{"@id":"https:\/\/file4free.org\/es\/#website"},"primaryImageOfPage":{"@id":"https:\/\/file4free.org\/es\/acerca-de\/#primaryimage"},"image":{"@id":"https:\/\/file4free.org\/es\/acerca-de\/#primaryimage"},"thumbnailUrl":"https:\/\/file4free.org\/wp-content\/uploads\/2025\/10\/DSC05466-scaled-1-1024x682.jpg","datePublished":"2026-01-03T07:42:55+00:00","dateModified":"2026-04-08T03:54:03+00:00","breadcrumb":{"@id":"https:\/\/file4free.org\/es\/acerca-de\/#breadcrumb"},"inLanguage":"es","potentialAction":[{"@type":"ReadAction","target":["https:\/\/file4free.org\/es\/acerca-de\/"]}]},{"@type":"ImageObject","inLanguage":"es","@id":"https:\/\/file4free.org\/es\/acerca-de\/#primaryimage","url":"https:\/\/file4free.org\/wp-content\/uploads\/2025\/10\/DSC05466-scaled-1-1024x682.jpg","contentUrl":"https:\/\/file4free.org\/wp-content\/uploads\/2025\/10\/DSC05466-scaled-1-1024x682.jpg"},{"@type":"BreadcrumbList","@id":"https:\/\/file4free.org\/es\/acerca-de\/#breadcrumb","itemListElement":[{"@type":"ListItem","position":1,"name":"Home","item":"https:\/\/file4free.org\/es\/home\/"},{"@type":"ListItem","position":2,"name":"Acerca de"}]},{"@type":"WebSite","@id":"https:\/\/file4free.org\/es\/#website","url":"https:\/\/file4free.org\/es\/","name":"file4free.org","description":"","potentialAction":[{"@type":"SearchAction","target":{"@type":"EntryPoint","urlTemplate":"https:\/\/file4free.org\/es\/?s={search_term_string}"},"query-input":{"@type":"PropertyValueSpecification","valueRequired":true,"valueName":"search_term_string"}}],"inLanguage":"es"}]}},"_links":{"self":[{"href":"https:\/\/file4free.org\/es\/wp-json\/wp\/v2\/pages\/3383","targetHints":{"allow":["GET"]}}],"collection":[{"href":"https:\/\/file4free.org\/es\/wp-json\/wp\/v2\/pages"}],"about":[{"href":"https:\/\/file4free.org\/es\/wp-json\/wp\/v2\/types\/page"}],"author":[{"embeddable":true,"href":"https:\/\/file4free.org\/es\/wp-json\/wp\/v2\/users\/2"}],"replies":[{"embeddable":true,"href":"https:\/\/file4free.org\/es\/wp-json\/wp\/v2\/comments?post=3383"}],"version-history":[{"count":3,"href":"https:\/\/file4free.org\/es\/wp-json\/wp\/v2\/pages\/3383\/revisions"}],"predecessor-version":[{"id":3654,"href":"https:\/\/file4free.org\/es\/wp-json\/wp\/v2\/pages\/3383\/revisions\/3654"}],"wp:attachment":[{"href":"https:\/\/file4free.org\/es\/wp-json\/wp\/v2\/media?parent=3383"}],"curies":[{"name":"wp","href":"https:\/\/api.w.org\/{rel}","templated":true}]}}